{"id":706,"date":"2021-12-01T19:15:15","date_gmt":"2021-12-01T19:15:15","guid":{"rendered":"https:\/\/senhorviagens.com\/?page_id=706"},"modified":"2025-12-27T14:15:17","modified_gmt":"2025-12-27T14:15:17","slug":"about","status":"publish","type":"page","link":"https:\/\/senhorviagens.com\/it\/about\/","title":{"rendered":"Di"},"content":{"rendered":"<div class=\"mx-5 sm:mx-0 prose leading-relaxed text-lg mb-5 text-left wp-paragraph\">\n<p>Senhor Viagens \u00e8 la tua fonte di fiducia per esplorare il mondo dei viaggi con maggiore chiarezza, pianificazione e sicurezza. Pubblichiamo contenuti dettagliati su tariffe aeree promozionali, turismo, app di viaggio e consigli sugli alloggi, aiutando i nostri lettori a organizzare i loro viaggi in modo pratico e senza complicazioni.<\/p>\n<\/div><div class=\"mx-5 sm:mx-0 prose leading-relaxed text-lg mb-5 text-left wp-paragraph\">\n<p>In un panorama turistico sempre pi\u00f9 dinamico e ricco di offerte, \u00e8 normale sentirsi sopraffatti da cos\u00ec tante informazioni. \u00c8 proprio qui che entra in gioco Senhor Viagens: semplifichiamo argomenti come il confronto delle tariffe aeree, consigli per risparmiare sui viaggi, l&#039;utilizzo di app utili e indicazioni chiare su destinazioni e alloggi, cos\u00ec puoi viaggiare con maggiore sicurezza e tranquillit\u00e0.<\/p>\n<\/div><div class=\"mx-5 sm:mx-0 prose leading-relaxed text-lg mb-5 text-left wp-paragraph\">\n<p>Sebbene condividiamo informazioni sui servizi offerti da compagnie aeree, piattaforme digitali, app e aziende del settore turistico, non siamo un&#039;agenzia di viaggi, non offriamo consulenza personalizzata n\u00e9 operiamo come intermediari per le prenotazioni. Il nostro ruolo \u00e8 informare, confrontare e guidare, mai vendere, consigliare individualmente o gestire servizi di viaggio.<\/p>\n<\/div><!--advertisement--><div class=\"mx-5 sm:mx-0 sm:text-3xl text-2xl font-medium title-font mb-4 text-gray-900 text-left\">\n<h3 id=\"h-nossa-missao\">La nostra missione<\/h3>\n<\/div><div class=\"mx-5 sm:mx-0 prose leading-relaxed text-lg mb-5 text-left wp-paragraph\">\n<p>La nostra missione \u00e8 offrire contenuti utili, chiari e trasparenti a chi desidera viaggiare meglio, risparmiare sulla pianificazione e comprendere le proprie opzioni prima di partire. Che si tratti di trovare voli promozionali, organizzare un viaggio, scoprire app per viaggiatori o pianificare il proprio soggiorno, Senhor Viagens offre informazioni pratiche in un linguaggio accessibile.<\/p>\n<\/div><div class=\"mx-5 sm:mx-0 prose leading-relaxed text-lg mb-5 text-left wp-paragraph\">\n<p>Lavoriamo con informazioni verificate e fonti affidabili, senza promesse irrealistiche o secondi fini. Il nostro obiettivo \u00e8 aiutarti a comprendere meglio le tue opzioni di viaggio, offrendo contenuti che si adattano alle tue reali esigenze, senza termini eccessivamente tecnici o spiegazioni confuse.<\/p>\n<\/div><!--advertisement--><div class=\"mx-5 sm:mx-0 sm:text-3xl text-2xl font-medium title-font mb-4 text-gray-900 text-left\">\n<h3 id=\"h-o-que-voce-encontrara-aqui\">Cosa troverai qui<\/h3>\n<\/div><div class=\"mx-5 sm:mx-0 prose leading-relaxed text-lg mb-5 text-left wp-paragraph\">\n<p>Organizziamo i nostri contenuti tenendo a mente le reali esigenze degli appassionati di viaggi, offrendo materiali accessibili per diversi profili e stili di viaggio.<\/p>\n<\/div><div class=\"mx-5 sm:mx-0 prose leading-relaxed text-lg mb-5 text-left wp-paragraph\">\n<p>\ud83d\udd39 <strong>Biglietti aerei e promozioni<\/strong><br>Informazioni su come trovare tariffe promozionali, comprendere le regole tariffarie, confrontare i prezzi e pianificare gli acquisti in modo pi\u00f9 strategico.<\/p>\n<\/div><div class=\"mx-5 sm:mx-0 prose leading-relaxed text-lg mb-5 text-left wp-paragraph\">\n<p>\ud83d\udd39 <strong>Suggerimenti per la pianificazione del viaggio<\/strong><br>Contenuti pratici per organizzare itinerari, stabilire budget, scegliere destinazioni ed evitare errori comuni prima e durante il viaggio.<\/p>\n<\/div><div class=\"mx-5 sm:mx-0 prose leading-relaxed text-lg mb-5 text-left wp-paragraph\">\n<p>\ud83d\udd39 <strong>App per viaggiatori<\/strong><br>Analisi e spiegazioni su app utili per trasporti, alloggi, pianificazione di itinerari, mappe, economia e mobilit\u00e0.<\/p>\n<\/div><div class=\"mx-5 sm:mx-0 prose leading-relaxed text-lg mb-5 text-left wp-paragraph\">\n<p>\ud83d\udd39 <strong>Alloggio e sistemazione<\/strong><br>Linee guida per comprendere le diverse tipologie di alloggio, confrontare le opzioni disponibili e valutare la soluzione pi\u00f9 adatta a ogni tipo di viaggiatore.<\/p>\n<\/div><!--advertisement--><div class=\"mx-5 sm:mx-0 sm:text-3xl text-2xl font-medium title-font mb-4 text-gray-900 text-left\">\n<h3 id=\"h-nosso-enfoque\">Il nostro focus<\/h3>\n<\/div><div class=\"mx-5 sm:mx-0 prose leading-relaxed text-lg mb-5 text-left wp-paragraph\">\n<p>Senhor Viagens opera in modo indipendente e mantiene un impegno costante verso chiarezza, responsabilit\u00e0 e trasparenza. Tutti i contenuti sono prodotti dal nostro team editoriale, sulla base di ricerche, fonti pubbliche e analisi approfondite. Non accettiamo pagamenti per promuovere servizi di viaggio, n\u00e9 pubblichiamo contenuti sponsorizzati senza una chiara identificazione.<\/p>\n<\/div><div class=\"mx-5 sm:mx-0 prose leading-relaxed text-lg mb-5 text-left wp-paragraph\">\n<p>Crediamo che le informazioni di viaggio debbano essere accessibili, oneste e facili da comprendere. Ecco perch\u00e9 creiamo contenuti utili sia per chi pianifica il suo primo viaggio, sia per chi viaggia frequentemente e desidera ottimizzare le proprie scelte e i propri costi.<\/p>\n<\/div><div class=\"mx-5 sm:mx-0 prose leading-relaxed text-lg mb-5 text-left wp-paragraph\">\n<p>Senhor Viagens \u00e8 qui per informare e supportare le vostre decisioni di viaggio, senza esagerazioni o promesse irrealistiche. Il nostro impegno \u00e8 offrire contenuti chiari, responsabili e utili, affinch\u00e9 possiate viaggiare con maggiore sicurezza, pianificazione e tranquillit\u00e0.<\/p>\n<\/div>","protected":false},"excerpt":{"rendered":"<p>Senhor Viagens \u00e8 la tua fonte di fiducia per esplorare il mondo dei viaggi con maggiore chiarezza, pianificazione e sicurezza. Pubblichiamo contenuti dettagliati su tariffe aeree promozionali, turismo, app di viaggio e consigli sugli alloggi, aiutando i nostri lettori a organizzare i loro viaggi in modo pratico e senza complicazioni. In un panorama dei viaggi sempre pi\u00f9 dinamico... <a class=\"more-link\" href=\"https:\/\/senhorviagens.com\/it\/about\/\">Continua a leggere <span class=\"screen-reader-text\">Di<\/span><\/a><\/p>","protected":false},"author":8,"featured_media":0,"parent":0,"menu_order":0,"comment_status":"closed","ping_status":"closed","template":"","meta":[],"yoast_head":"<!-- This site is optimized with the Yoast SEO Premium plugin v18.7 (Yoast SEO v19.1) - https:\/\/yoast.com\/wordpress\/plugins\/seo\/ -->\n<title>Sobre - Senhor Viagens<\/title>\n<meta name=\"robots\" content=\"index, follow, max-snippet:-1, max-image-preview:large, max-video-preview:-1\" \/>\n<link rel=\"canonical\" href=\"https:\/\/senhorviagens.com\/it\/about\/\" \/>\n<meta property=\"og:locale\" content=\"it_IT\" \/>\n<meta property=\"og:type\" content=\"article\" \/>\n<meta property=\"og:title\" content=\"Sobre\" \/>\n<meta property=\"og:description\" content=\"Senhor Viagens \u00e9 sua fonte confi\u00e1vel para explorar o mundo das viagens com mais clareza, planejamento e seguran\u00e7a. Publicamos conte\u00fados detalhados sobre passagens a\u00e9reas promocionais, turismo, aplicativos para viajantes e dicas de estadia, ajudando nossos leitores a organizar suas viagens de forma pr\u00e1tica e sem complica\u00e7\u00f5es. Em um cen\u00e1rio de viagens cada vez mais din\u00e2mico&hellip; Continue reading Sobre\" \/>\n<meta property=\"og:url\" content=\"https:\/\/senhorviagens.com\/it\/about\/\" \/>\n<meta property=\"og:site_name\" content=\"Senhor Viagens\" \/>\n<meta property=\"article:modified_time\" content=\"2025-12-27T14:15:17+00:00\" \/>\n<meta name=\"twitter:card\" content=\"summary_large_image\" \/>\n<meta name=\"twitter:label1\" content=\"Est. reading time\" \/>\n\t<meta name=\"twitter:data1\" content=\"3 minuti\" \/>\n<script type=\"application\/ld+json\" class=\"yoast-schema-graph\">{\"@context\":\"https:\/\/schema.org\",\"@graph\":[{\"@type\":\"WebSite\",\"@id\":\"https:\/\/senhorviagens.com\/#website\",\"url\":\"https:\/\/senhorviagens.com\/\",\"name\":\"Senhor Viagens\",\"description\":\"As melhores dicas para voc\u00ea planejar sua pr\u00f3xima viagem\",\"potentialAction\":[{\"@type\":\"SearchAction\",\"target\":{\"@type\":\"EntryPoint\",\"urlTemplate\":\"https:\/\/senhorviagens.com\/?s={search_term_string}\"},\"query-input\":\"required name=search_term_string\"}],\"inLanguage\":\"it-IT\"},{\"@type\":\"WebPage\",\"@id\":\"https:\/\/senhorviagens.com\/about\/#webpage\",\"url\":\"https:\/\/senhorviagens.com\/about\/\",\"name\":\"Sobre - Senhor Viagens\",\"isPartOf\":{\"@id\":\"https:\/\/senhorviagens.com\/#website\"},\"datePublished\":\"2021-12-01T19:15:15+00:00\",\"dateModified\":\"2025-12-27T14:15:17+00:00\",\"breadcrumb\":{\"@id\":\"https:\/\/senhorviagens.com\/about\/#breadcrumb\"},\"inLanguage\":\"it-IT\",\"potentialAction\":[{\"@type\":\"ReadAction\",\"target\":[\"https:\/\/senhorviagens.com\/about\/\"]}]},{\"@type\":\"BreadcrumbList\",\"@id\":\"https:\/\/senhorviagens.com\/about\/#breadcrumb\",\"itemListElement\":[{\"@type\":\"ListItem\",\"position\":1,\"name\":\"Home\",\"item\":\"https:\/\/senhorviagens.com\/\"},{\"@type\":\"ListItem\",\"position\":2,\"name\":\"Sobre\"}]}]}<\/script>\n<!-- \/ Yoast SEO Premium plugin. -->","yoast_head_json":{"title":"Sobre - Senhor Viagens","robots":{"index":"index","follow":"follow","max-snippet":"max-snippet:-1","max-image-preview":"max-image-preview:large","max-video-preview":"max-video-preview:-1"},"canonical":"https:\/\/senhorviagens.com\/it\/about\/","og_locale":"it_IT","og_type":"article","og_title":"Sobre","og_description":"Senhor Viagens \u00e9 sua fonte confi\u00e1vel para explorar o mundo das viagens com mais clareza, planejamento e seguran\u00e7a. Publicamos conte\u00fados detalhados sobre passagens a\u00e9reas promocionais, turismo, aplicativos para viajantes e dicas de estadia, ajudando nossos leitores a organizar suas viagens de forma pr\u00e1tica e sem complica\u00e7\u00f5es. Em um cen\u00e1rio de viagens cada vez mais din\u00e2mico&hellip; Continue reading Sobre","og_url":"https:\/\/senhorviagens.com\/it\/about\/","og_site_name":"Senhor Viagens","article_modified_time":"2025-12-27T14:15:17+00:00","twitter_card":"summary_large_image","twitter_misc":{"Est. reading time":"3 minuti"},"schema":{"@context":"https:\/\/schema.org","@graph":[{"@type":"WebSite","@id":"https:\/\/senhorviagens.com\/#website","url":"https:\/\/senhorviagens.com\/","name":"Senhor Viagens","description":"As melhores dicas para voc\u00ea planejar sua pr\u00f3xima viagem","potentialAction":[{"@type":"SearchAction","target":{"@type":"EntryPoint","urlTemplate":"https:\/\/senhorviagens.com\/?s={search_term_string}"},"query-input":"required name=search_term_string"}],"inLanguage":"it-IT"},{"@type":"WebPage","@id":"https:\/\/senhorviagens.com\/about\/#webpage","url":"https:\/\/senhorviagens.com\/about\/","name":"Sobre - Senhor Viagens","isPartOf":{"@id":"https:\/\/senhorviagens.com\/#website"},"datePublished":"2021-12-01T19:15:15+00:00","dateModified":"2025-12-27T14:15:17+00:00","breadcrumb":{"@id":"https:\/\/senhorviagens.com\/about\/#breadcrumb"},"inLanguage":"it-IT","potentialAction":[{"@type":"ReadAction","target":["https:\/\/senhorviagens.com\/about\/"]}]},{"@type":"BreadcrumbList","@id":"https:\/\/senhorviagens.com\/about\/#breadcrumb","itemListElement":[{"@type":"ListItem","position":1,"name":"Home","item":"https:\/\/senhorviagens.com\/"},{"@type":"ListItem","position":2,"name":"Sobre"}]}]}},"_links":{"self":[{"href":"https:\/\/senhorviagens.com\/it\/wp-json\/wp\/v2\/pages\/706"}],"collection":[{"href":"https:\/\/senhorviagens.com\/it\/wp-json\/wp\/v2\/pages"}],"about":[{"href":"https:\/\/senhorviagens.com\/it\/wp-json\/wp\/v2\/types\/page"}],"author":[{"embeddable":true,"href":"https:\/\/senhorviagens.com\/it\/wp-json\/wp\/v2\/users\/8"}],"replies":[{"embeddable":true,"href":"https:\/\/senhorviagens.com\/it\/wp-json\/wp\/v2\/comments?post=706"}],"version-history":[{"count":0,"href":"https:\/\/senhorviagens.com\/it\/wp-json\/wp\/v2\/pages\/706\/revisions"}],"wp:attachment":[{"href":"https:\/\/senhorviagens.com\/it\/wp-json\/wp\/v2\/media?parent=706"}],"curies":[{"name":"wp","href":"https:\/\/api.w.org\/{rel}","templated":true}]}}