{"id":706,"date":"2021-12-01T19:15:15","date_gmt":"2021-12-01T19:15:15","guid":{"rendered":"https:\/\/senhorviagens.com\/?page_id=706"},"modified":"2025-12-27T14:15:17","modified_gmt":"2025-12-27T14:15:17","slug":"about","status":"publish","type":"page","link":"https:\/\/senhorviagens.com\/fr\/about\/","title":{"rendered":"\u00c0 propos"},"content":{"rendered":"<div class=\"mx-5 sm:mx-0 prose leading-relaxed text-lg mb-5 text-left wp-paragraph\">\n<p>Senhor Viagens est votre source de confiance pour explorer le monde du voyage avec plus de clart\u00e9, de planification et de s\u00e9curit\u00e9. Nous publions des articles d\u00e9taill\u00e9s sur les promotions a\u00e9riennes, le tourisme, les applications de voyage et les conseils d&#039;h\u00e9bergement, afin d&#039;aider nos lecteurs \u00e0 organiser leurs voyages de mani\u00e8re pratique et sans complications.<\/p>\n<\/div><div class=\"mx-5 sm:mx-0 prose leading-relaxed text-lg mb-5 text-left wp-paragraph\">\n<p>Dans un secteur du voyage toujours plus dynamique et satur\u00e9 d&#039;offres, il est fr\u00e9quent de se sentir submerg\u00e9 par la quantit\u00e9 d&#039;informations. C&#039;est pr\u00e9cis\u00e9ment l\u00e0 qu&#039;intervient Senhor Viagens\u00a0: nous simplifions des sujets tels que la comparaison des tarifs a\u00e9riens, les astuces pour \u00e9conomiser sur vos voyages, l&#039;utilisation d&#039;applications pratiques et des conseils clairs sur les destinations et les h\u00e9bergements, afin que vous puissiez voyager en toute s\u00e9r\u00e9nit\u00e9.<\/p>\n<\/div><div class=\"mx-5 sm:mx-0 prose leading-relaxed text-lg mb-5 text-left wp-paragraph\">\n<p>Bien que nous partagions des informations sur les services propos\u00e9s par les compagnies a\u00e9riennes, les plateformes num\u00e9riques, les applications et les entreprises du secteur touristique, nous ne sommes pas une agence de voyages, nous n&#039;offrons pas de conseils personnalis\u00e9s et nous n&#039;agissons pas comme interm\u00e9diaires de r\u00e9servation. Notre r\u00f4le est d&#039;informer, de comparer et de guider, jamais de vendre, de recommander individuellement ou de g\u00e9rer des services de voyage.<\/p>\n<\/div><!--advertisement--><div class=\"mx-5 sm:mx-0 sm:text-3xl text-2xl font-medium title-font mb-4 text-gray-900 text-left\">\n<h3 id=\"h-nossa-missao\">Notre mission<\/h3>\n<\/div><div class=\"mx-5 sm:mx-0 prose leading-relaxed text-lg mb-5 text-left wp-paragraph\">\n<p>Notre mission est de proposer un contenu utile, clair et transparent \u00e0 celles et ceux qui souhaitent voyager mieux, \u00e9conomiser sur l&#039;organisation de leurs voyages et conna\u00eetre toutes les options avant leur d\u00e9part. Que ce soit pour trouver des vols promotionnels, organiser un voyage, d\u00e9couvrir des applications pour voyageurs ou planifier son s\u00e9jour, Senhor Viagens offre des informations pratiques dans un langage accessible.<\/p>\n<\/div><div class=\"mx-5 sm:mx-0 prose leading-relaxed text-lg mb-5 text-left wp-paragraph\">\n<p>Nous travaillons avec des informations v\u00e9rifi\u00e9es et des sources fiables, sans promesses irr\u00e9alistes ni arri\u00e8re-pens\u00e9es. Notre objectif est de vous aider \u00e0 mieux comprendre vos options de voyage, en vous proposant un contenu adapt\u00e9 \u00e0 vos besoins r\u00e9els, sans jargon technique excessif ni explications confuses.<\/p>\n<\/div><!--advertisement--><div class=\"mx-5 sm:mx-0 sm:text-3xl text-2xl font-medium title-font mb-4 text-gray-900 text-left\">\n<h3 id=\"h-o-que-voce-encontrara-aqui\">Ce que vous trouverez ici<\/h3>\n<\/div><div class=\"mx-5 sm:mx-0 prose leading-relaxed text-lg mb-5 text-left wp-paragraph\">\n<p>Nous organisons notre contenu en tenant compte des besoins r\u00e9els des passionn\u00e9s de voyage, en proposant des ressources accessibles pour diff\u00e9rents profils et styles de voyage.<\/p>\n<\/div><div class=\"mx-5 sm:mx-0 prose leading-relaxed text-lg mb-5 text-left wp-paragraph\">\n<p>\ud83d\udd39 <strong>Billets d&#039;avion et promotions<\/strong><br>Informations sur la mani\u00e8re de trouver des tarifs promotionnels, de comprendre les r\u00e8gles tarifaires, de comparer les prix et de planifier ses achats de fa\u00e7on plus strat\u00e9gique.<\/p>\n<\/div><div class=\"mx-5 sm:mx-0 prose leading-relaxed text-lg mb-5 text-left wp-paragraph\">\n<p>\ud83d\udd39 <strong>Conseils pour la planification de voyage<\/strong><br>Des conseils pratiques pour organiser vos itin\u00e9raires, \u00e9tablir votre budget, choisir vos destinations et \u00e9viter les erreurs courantes avant et pendant votre voyage.<\/p>\n<\/div><div class=\"mx-5 sm:mx-0 prose leading-relaxed text-lg mb-5 text-left wp-paragraph\">\n<p>\ud83d\udd39 <strong>Applications pour les voyageurs<\/strong><br>Analyses et explications sur les applications utiles pour les transports, l&#039;h\u00e9bergement, la planification d&#039;itin\u00e9raires, les cartes, l&#039;\u00e9conomie et la mobilit\u00e9.<\/p>\n<\/div><div class=\"mx-5 sm:mx-0 prose leading-relaxed text-lg mb-5 text-left wp-paragraph\">\n<p>\ud83d\udd39 <strong>H\u00e9bergement et logement<\/strong><br>Guide pour comprendre les diff\u00e9rents types d&#039;h\u00e9bergement, comparer les options disponibles et \u00e9valuer ce qui convient le mieux \u00e0 chaque type de voyageur.<\/p>\n<\/div><!--advertisement--><div class=\"mx-5 sm:mx-0 sm:text-3xl text-2xl font-medium title-font mb-4 text-gray-900 text-left\">\n<h3 id=\"h-nosso-enfoque\">Notre priorit\u00e9<\/h3>\n<\/div><div class=\"mx-5 sm:mx-0 prose leading-relaxed text-lg mb-5 text-left wp-paragraph\">\n<p>Senhor Viagens op\u00e8re en toute ind\u00e9pendance et s&#039;engage \u00e0 faire preuve de clart\u00e9, de responsabilit\u00e9 et de transparence. L&#039;ensemble du contenu est produit par notre \u00e9quipe \u00e9ditoriale, \u00e0 partir de recherches, de sources publiques et d&#039;une analyse rigoureuse. Nous n&#039;acceptons aucun paiement pour promouvoir des services de voyage et nous ne publions aucun contenu sponsoris\u00e9 sans indication claire.<\/p>\n<\/div><div class=\"mx-5 sm:mx-0 prose leading-relaxed text-lg mb-5 text-left wp-paragraph\">\n<p>Nous pensons que l&#039;information touristique doit \u00eatre accessible, fiable et facile \u00e0 comprendre. C&#039;est pourquoi nous cr\u00e9ons du contenu utile, aussi bien pour ceux qui planifient leur premier voyage que pour les voyageurs fr\u00e9quents soucieux d&#039;optimiser leurs choix et leurs d\u00e9penses.<\/p>\n<\/div><div class=\"mx-5 sm:mx-0 prose leading-relaxed text-lg mb-5 text-left wp-paragraph\">\n<p>Senhor Viagens est l\u00e0 pour vous informer et vous accompagner dans vos choix de voyage, sans exag\u00e9ration ni promesses irr\u00e9alistes. Notre engagement est de vous proposer un contenu clair, responsable et utile pour voyager en toute s\u00e9curit\u00e9, avec une meilleure organisation et en toute s\u00e9r\u00e9nit\u00e9.<\/p>\n<\/div>","protected":false},"excerpt":{"rendered":"<p>Senhor Viagens \u00e9 sua fonte confi\u00e1vel para explorar o mundo das viagens com mais clareza, planejamento e seguran\u00e7a. Publicamos conte\u00fados detalhados sobre passagens a\u00e9reas promocionais, turismo, aplicativos para viajantes e dicas de estadia, ajudando nossos leitores a organizar suas viagens de forma pr\u00e1tica e sem complica\u00e7\u00f5es. Em um cen\u00e1rio de viagens cada vez mais din\u00e2mico&hellip; <a class=\"more-link\" href=\"https:\/\/senhorviagens.com\/fr\/about\/\">continuer la lecture <span class=\"screen-reader-text\">\u00c0 propos<\/span><\/a><\/p>","protected":false},"author":8,"featured_media":0,"parent":0,"menu_order":0,"comment_status":"closed","ping_status":"closed","template":"","meta":[],"yoast_head":"<!-- This site is optimized with the Yoast SEO Premium plugin v18.7 (Yoast SEO v19.1) - https:\/\/yoast.com\/wordpress\/plugins\/seo\/ -->\n<title>Sobre - Senhor Viagens<\/title>\n<meta name=\"robots\" content=\"index, follow, max-snippet:-1, max-image-preview:large, max-video-preview:-1\" \/>\n<link rel=\"canonical\" href=\"https:\/\/senhorviagens.com\/fr\/about\/\" \/>\n<meta property=\"og:locale\" content=\"fr_FR\" \/>\n<meta property=\"og:type\" content=\"article\" \/>\n<meta property=\"og:title\" content=\"Sobre\" \/>\n<meta property=\"og:description\" content=\"Senhor Viagens \u00e9 sua fonte confi\u00e1vel para explorar o mundo das viagens com mais clareza, planejamento e seguran\u00e7a. Publicamos conte\u00fados detalhados sobre passagens a\u00e9reas promocionais, turismo, aplicativos para viajantes e dicas de estadia, ajudando nossos leitores a organizar suas viagens de forma pr\u00e1tica e sem complica\u00e7\u00f5es. Em um cen\u00e1rio de viagens cada vez mais din\u00e2mico&hellip; Continue reading Sobre\" \/>\n<meta property=\"og:url\" content=\"https:\/\/senhorviagens.com\/fr\/about\/\" \/>\n<meta property=\"og:site_name\" content=\"Senhor Viagens\" \/>\n<meta property=\"article:modified_time\" content=\"2025-12-27T14:15:17+00:00\" \/>\n<meta name=\"twitter:card\" content=\"summary_large_image\" \/>\n<meta name=\"twitter:label1\" content=\"Est. reading time\" \/>\n\t<meta name=\"twitter:data1\" content=\"3 minutes\" \/>\n<script type=\"application\/ld+json\" class=\"yoast-schema-graph\">{\"@context\":\"https:\/\/schema.org\",\"@graph\":[{\"@type\":\"WebSite\",\"@id\":\"https:\/\/senhorviagens.com\/#website\",\"url\":\"https:\/\/senhorviagens.com\/\",\"name\":\"Senhor Viagens\",\"description\":\"As melhores dicas para voc\u00ea planejar sua pr\u00f3xima viagem\",\"potentialAction\":[{\"@type\":\"SearchAction\",\"target\":{\"@type\":\"EntryPoint\",\"urlTemplate\":\"https:\/\/senhorviagens.com\/?s={search_term_string}\"},\"query-input\":\"required name=search_term_string\"}],\"inLanguage\":\"fr-FR\"},{\"@type\":\"WebPage\",\"@id\":\"https:\/\/senhorviagens.com\/about\/#webpage\",\"url\":\"https:\/\/senhorviagens.com\/about\/\",\"name\":\"Sobre - Senhor Viagens\",\"isPartOf\":{\"@id\":\"https:\/\/senhorviagens.com\/#website\"},\"datePublished\":\"2021-12-01T19:15:15+00:00\",\"dateModified\":\"2025-12-27T14:15:17+00:00\",\"breadcrumb\":{\"@id\":\"https:\/\/senhorviagens.com\/about\/#breadcrumb\"},\"inLanguage\":\"fr-FR\",\"potentialAction\":[{\"@type\":\"ReadAction\",\"target\":[\"https:\/\/senhorviagens.com\/about\/\"]}]},{\"@type\":\"BreadcrumbList\",\"@id\":\"https:\/\/senhorviagens.com\/about\/#breadcrumb\",\"itemListElement\":[{\"@type\":\"ListItem\",\"position\":1,\"name\":\"Home\",\"item\":\"https:\/\/senhorviagens.com\/\"},{\"@type\":\"ListItem\",\"position\":2,\"name\":\"Sobre\"}]}]}<\/script>\n<!-- \/ Yoast SEO Premium plugin. -->","yoast_head_json":{"title":"Sobre - Senhor Viagens","robots":{"index":"index","follow":"follow","max-snippet":"max-snippet:-1","max-image-preview":"max-image-preview:large","max-video-preview":"max-video-preview:-1"},"canonical":"https:\/\/senhorviagens.com\/fr\/about\/","og_locale":"fr_FR","og_type":"article","og_title":"Sobre","og_description":"Senhor Viagens \u00e9 sua fonte confi\u00e1vel para explorar o mundo das viagens com mais clareza, planejamento e seguran\u00e7a. Publicamos conte\u00fados detalhados sobre passagens a\u00e9reas promocionais, turismo, aplicativos para viajantes e dicas de estadia, ajudando nossos leitores a organizar suas viagens de forma pr\u00e1tica e sem complica\u00e7\u00f5es. Em um cen\u00e1rio de viagens cada vez mais din\u00e2mico&hellip; Continue reading Sobre","og_url":"https:\/\/senhorviagens.com\/fr\/about\/","og_site_name":"Senhor Viagens","article_modified_time":"2025-12-27T14:15:17+00:00","twitter_card":"summary_large_image","twitter_misc":{"Est. reading time":"3 minutes"},"schema":{"@context":"https:\/\/schema.org","@graph":[{"@type":"WebSite","@id":"https:\/\/senhorviagens.com\/#website","url":"https:\/\/senhorviagens.com\/","name":"Senhor Viagens","description":"As melhores dicas para voc\u00ea planejar sua pr\u00f3xima viagem","potentialAction":[{"@type":"SearchAction","target":{"@type":"EntryPoint","urlTemplate":"https:\/\/senhorviagens.com\/?s={search_term_string}"},"query-input":"required name=search_term_string"}],"inLanguage":"fr-FR"},{"@type":"WebPage","@id":"https:\/\/senhorviagens.com\/about\/#webpage","url":"https:\/\/senhorviagens.com\/about\/","name":"Sobre - Senhor Viagens","isPartOf":{"@id":"https:\/\/senhorviagens.com\/#website"},"datePublished":"2021-12-01T19:15:15+00:00","dateModified":"2025-12-27T14:15:17+00:00","breadcrumb":{"@id":"https:\/\/senhorviagens.com\/about\/#breadcrumb"},"inLanguage":"fr-FR","potentialAction":[{"@type":"ReadAction","target":["https:\/\/senhorviagens.com\/about\/"]}]},{"@type":"BreadcrumbList","@id":"https:\/\/senhorviagens.com\/about\/#breadcrumb","itemListElement":[{"@type":"ListItem","position":1,"name":"Home","item":"https:\/\/senhorviagens.com\/"},{"@type":"ListItem","position":2,"name":"Sobre"}]}]}},"_links":{"self":[{"href":"https:\/\/senhorviagens.com\/fr\/wp-json\/wp\/v2\/pages\/706"}],"collection":[{"href":"https:\/\/senhorviagens.com\/fr\/wp-json\/wp\/v2\/pages"}],"about":[{"href":"https:\/\/senhorviagens.com\/fr\/wp-json\/wp\/v2\/types\/page"}],"author":[{"embeddable":true,"href":"https:\/\/senhorviagens.com\/fr\/wp-json\/wp\/v2\/users\/8"}],"replies":[{"embeddable":true,"href":"https:\/\/senhorviagens.com\/fr\/wp-json\/wp\/v2\/comments?post=706"}],"version-history":[{"count":0,"href":"https:\/\/senhorviagens.com\/fr\/wp-json\/wp\/v2\/pages\/706\/revisions"}],"wp:attachment":[{"href":"https:\/\/senhorviagens.com\/fr\/wp-json\/wp\/v2\/media?parent=706"}],"curies":[{"name":"wp","href":"https:\/\/api.w.org\/{rel}","templated":true}]}}