{"id":706,"date":"2021-12-01T19:15:15","date_gmt":"2021-12-01T19:15:15","guid":{"rendered":"https:\/\/senhorviagens.com\/?page_id=706"},"modified":"2025-12-27T14:15:17","modified_gmt":"2025-12-27T14:15:17","slug":"about","status":"publish","type":"page","link":"https:\/\/senhorviagens.com\/de\/about\/","title":{"rendered":"Um"},"content":{"rendered":"<div class=\"mx-5 sm:mx-0 prose leading-relaxed text-lg mb-5 text-left wp-paragraph\">\n<p>Senhor Viagens ist Ihre zuverl\u00e4ssige Quelle f\u00fcr mehr Klarheit, Planung und Sicherheit beim Reisen. Wir ver\u00f6ffentlichen detaillierte Informationen zu Flugangeboten, Tourismus, Reise-Apps und Unterkunftstipps und helfen unseren Lesern so, ihre Reisen praktisch und unkompliziert zu organisieren.<\/p>\n<\/div><div class=\"mx-5 sm:mx-0 prose leading-relaxed text-lg mb-5 text-left wp-paragraph\">\n<p>In der zunehmend dynamischen und angebotsreichen Reisewelt ist es nicht ungew\u00f6hnlich, sich von der Informationsflut \u00fcberw\u00e4ltigt zu f\u00fchlen. Genau hier setzt Senhor Viagens an: Wir vereinfachen Themen wie Flugpreisvergleich, Spartipps f\u00fcr Reisen, die Nutzung hilfreicher Apps und geben klare Hinweise zu Reisezielen und Unterk\u00fcnften, damit Sie entspannter und unbesorgter reisen k\u00f6nnen.<\/p>\n<\/div><div class=\"mx-5 sm:mx-0 prose leading-relaxed text-lg mb-5 text-left wp-paragraph\">\n<p>Wir teilen zwar Informationen \u00fcber Dienstleistungen von Fluggesellschaften, digitalen Plattformen, Apps und Unternehmen der Tourismusbranche, sind aber kein Reiseb\u00fcro, bieten keine individuelle Beratung an und vermitteln keine Buchungen. Unsere Aufgabe ist es, zu informieren, zu vergleichen und Orientierung zu geben \u2013 niemals Reiseleistungen zu verkaufen, individuelle Empfehlungen auszusprechen oder zu verwalten.<\/p>\n<\/div><!--advertisement--><div class=\"mx-5 sm:mx-0 sm:text-3xl text-2xl font-medium title-font mb-4 text-gray-900 text-left\">\n<h3 id=\"h-nossa-missao\">Unsere Mission<\/h3>\n<\/div><div class=\"mx-5 sm:mx-0 prose leading-relaxed text-lg mb-5 text-left wp-paragraph\">\n<p>Unsere Mission ist es, n\u00fctzliche, verst\u00e4ndliche und transparente Inhalte f\u00fcr alle bereitzustellen, die besser reisen, bei der Planung Geld sparen und sich vor Reiseantritt \u00fcber ihre M\u00f6glichkeiten informieren m\u00f6chten. Ob es um die Suche nach g\u00fcnstigen Fl\u00fcgen, die Organisation einer Reise, die Entdeckung von Reise-Apps oder die Planung Ihres Aufenthalts geht \u2013 Senhor Viagens bietet praktische Informationen in leicht verst\u00e4ndlicher Sprache.<\/p>\n<\/div><div class=\"mx-5 sm:mx-0 prose leading-relaxed text-lg mb-5 text-left wp-paragraph\">\n<p>Wir arbeiten mit gepr\u00fcften Informationen und zuverl\u00e4ssigen Quellen, ohne unrealistische Versprechungen oder versteckte Absichten. Unser Ziel ist es, Ihnen Ihre Reisem\u00f6glichkeiten verst\u00e4ndlicher zu machen und Ihnen Inhalte anzubieten, die Ihren tats\u00e4chlichen Bed\u00fcrfnissen entsprechen \u2013 ohne \u00fcberfl\u00fcssige Fachbegriffe oder verwirrende Erkl\u00e4rungen.<\/p>\n<\/div><!--advertisement--><div class=\"mx-5 sm:mx-0 sm:text-3xl text-2xl font-medium title-font mb-4 text-gray-900 text-left\">\n<h3 id=\"h-o-que-voce-encontrara-aqui\">Was Sie hier finden werden<\/h3>\n<\/div><div class=\"mx-5 sm:mx-0 prose leading-relaxed text-lg mb-5 text-left wp-paragraph\">\n<p>Wir gestalten unsere Inhalte unter Ber\u00fccksichtigung der tats\u00e4chlichen Bed\u00fcrfnisse von Reisebegeisterten und bieten leicht zug\u00e4ngliche Materialien f\u00fcr unterschiedliche Reiseprofile und -stile.<\/p>\n<\/div><div class=\"mx-5 sm:mx-0 prose leading-relaxed text-lg mb-5 text-left wp-paragraph\">\n<p>\ud83d\udd39 <strong>Flugtickets und Sonderangebote<\/strong><br>Informationen dar\u00fcber, wie man Aktionspreise findet, Tarifbestimmungen versteht, Preise vergleicht und Eink\u00e4ufe strategischer plant.<\/p>\n<\/div><div class=\"mx-5 sm:mx-0 prose leading-relaxed text-lg mb-5 text-left wp-paragraph\">\n<p>\ud83d\udd39 <strong>Reiseplanungstipps<\/strong><br>Praktische Inhalte zur Organisation von Reiserouten, zur Festlegung von Budgets, zur Auswahl von Reisezielen und zur Vermeidung h\u00e4ufiger Fehler vor und w\u00e4hrend Ihrer Reise.<\/p>\n<\/div><div class=\"mx-5 sm:mx-0 prose leading-relaxed text-lg mb-5 text-left wp-paragraph\">\n<p>\ud83d\udd39 <strong>Apps f\u00fcr Reisende<\/strong><br>Analysen und Erkl\u00e4rungen zu n\u00fctzlichen Apps f\u00fcr Transport, Unterkunft, Reiseplanung, Karten, Wirtschaft und Mobilit\u00e4t.<\/p>\n<\/div><div class=\"mx-5 sm:mx-0 prose leading-relaxed text-lg mb-5 text-left wp-paragraph\">\n<p>\ud83d\udd39 <strong>Unterkunft und Verpflegung<\/strong><br>Leitfaden zum Verst\u00e4ndnis verschiedener Unterkunftsarten, zum Vergleich der verf\u00fcgbaren Optionen und zur Beurteilung, was f\u00fcr jeden Reisendentyp am sinnvollsten ist.<\/p>\n<\/div><!--advertisement--><div class=\"mx-5 sm:mx-0 sm:text-3xl text-2xl font-medium title-font mb-4 text-gray-900 text-left\">\n<h3 id=\"h-nosso-enfoque\">Unser Fokus<\/h3>\n<\/div><div class=\"mx-5 sm:mx-0 prose leading-relaxed text-lg mb-5 text-left wp-paragraph\">\n<p>Senhor Viagens arbeitet unabh\u00e4ngig und verpflichtet sich zu Klarheit, Verantwortungsbewusstsein und Transparenz. Alle Inhalte werden von unserem Redaktionsteam auf Basis von Recherchen, \u00f6ffentlich zug\u00e4nglichen Quellen und sorgf\u00e4ltigen Analysen erstellt. Wir nehmen keine Zahlungen f\u00fcr die Bewerbung von Reisedienstleistungen an und ver\u00f6ffentlichen keine gesponserten Inhalte ohne klare Kennzeichnung.<\/p>\n<\/div><div class=\"mx-5 sm:mx-0 prose leading-relaxed text-lg mb-5 text-left wp-paragraph\">\n<p>Wir sind \u00fcberzeugt, dass Reiseinformationen zug\u00e4nglich, ehrlich und leicht verst\u00e4ndlich sein sollten. Deshalb erstellen wir hilfreiche Inhalte sowohl f\u00fcr Erstreisende als auch f\u00fcr Vielreisende, die ihre Reiseplanung und Kosten optimieren m\u00f6chten.<\/p>\n<\/div><div class=\"mx-5 sm:mx-0 prose leading-relaxed text-lg mb-5 text-left wp-paragraph\">\n<p>Senhor Viagens informiert und unterst\u00fctzt Sie bei Ihren Reiseentscheidungen \u2013 ohne \u00dcbertreibungen oder unrealistische Versprechungen. Unser Ziel ist es, Ihnen klare, verantwortungsvolle und hilfreiche Inhalte zu bieten, damit Sie sicherer, besser geplant und entspannter reisen k\u00f6nnen.<\/p>\n<\/div>","protected":false},"excerpt":{"rendered":"<p>Senhor Viagens ist Ihre zuverl\u00e4ssige Quelle f\u00fcr mehr Klarheit, Planung und Sicherheit beim Reisen. Wir ver\u00f6ffentlichen detaillierte Informationen zu Flugangeboten, Tourismus, Reise-Apps und Unterkunftstipps und helfen unseren Lesern so, ihre Reisen praktisch und unkompliziert zu organisieren. In einer zunehmend dynamischen Reiselandschaft\u2026 <a class=\"more-link\" href=\"https:\/\/senhorviagens.com\/de\/about\/\">Weiterlesen <span class=\"screen-reader-text\">Um<\/span><\/a><\/p>","protected":false},"author":8,"featured_media":0,"parent":0,"menu_order":0,"comment_status":"closed","ping_status":"closed","template":"","meta":[],"yoast_head":"<!-- This site is optimized with the Yoast SEO Premium plugin v18.7 (Yoast SEO v19.1) - https:\/\/yoast.com\/wordpress\/plugins\/seo\/ -->\n<title>Sobre - Senhor Viagens<\/title>\n<meta name=\"robots\" content=\"index, follow, max-snippet:-1, max-image-preview:large, max-video-preview:-1\" \/>\n<link rel=\"canonical\" href=\"https:\/\/senhorviagens.com\/de\/about\/\" \/>\n<meta property=\"og:locale\" content=\"de_DE\" \/>\n<meta property=\"og:type\" content=\"article\" \/>\n<meta property=\"og:title\" content=\"Sobre\" \/>\n<meta property=\"og:description\" content=\"Senhor Viagens \u00e9 sua fonte confi\u00e1vel para explorar o mundo das viagens com mais clareza, planejamento e seguran\u00e7a. Publicamos conte\u00fados detalhados sobre passagens a\u00e9reas promocionais, turismo, aplicativos para viajantes e dicas de estadia, ajudando nossos leitores a organizar suas viagens de forma pr\u00e1tica e sem complica\u00e7\u00f5es. Em um cen\u00e1rio de viagens cada vez mais din\u00e2mico&hellip; Continue reading Sobre\" \/>\n<meta property=\"og:url\" content=\"https:\/\/senhorviagens.com\/de\/about\/\" \/>\n<meta property=\"og:site_name\" content=\"Senhor Viagens\" \/>\n<meta property=\"article:modified_time\" content=\"2025-12-27T14:15:17+00:00\" \/>\n<meta name=\"twitter:card\" content=\"summary_large_image\" \/>\n<meta name=\"twitter:label1\" content=\"Est. reading time\" \/>\n\t<meta name=\"twitter:data1\" content=\"3 Minuten\" \/>\n<script type=\"application\/ld+json\" class=\"yoast-schema-graph\">{\"@context\":\"https:\/\/schema.org\",\"@graph\":[{\"@type\":\"WebSite\",\"@id\":\"https:\/\/senhorviagens.com\/#website\",\"url\":\"https:\/\/senhorviagens.com\/\",\"name\":\"Senhor Viagens\",\"description\":\"As melhores dicas para voc\u00ea planejar sua pr\u00f3xima viagem\",\"potentialAction\":[{\"@type\":\"SearchAction\",\"target\":{\"@type\":\"EntryPoint\",\"urlTemplate\":\"https:\/\/senhorviagens.com\/?s={search_term_string}\"},\"query-input\":\"required name=search_term_string\"}],\"inLanguage\":\"de-DE\"},{\"@type\":\"WebPage\",\"@id\":\"https:\/\/senhorviagens.com\/about\/#webpage\",\"url\":\"https:\/\/senhorviagens.com\/about\/\",\"name\":\"Sobre - Senhor Viagens\",\"isPartOf\":{\"@id\":\"https:\/\/senhorviagens.com\/#website\"},\"datePublished\":\"2021-12-01T19:15:15+00:00\",\"dateModified\":\"2025-12-27T14:15:17+00:00\",\"breadcrumb\":{\"@id\":\"https:\/\/senhorviagens.com\/about\/#breadcrumb\"},\"inLanguage\":\"de-DE\",\"potentialAction\":[{\"@type\":\"ReadAction\",\"target\":[\"https:\/\/senhorviagens.com\/about\/\"]}]},{\"@type\":\"BreadcrumbList\",\"@id\":\"https:\/\/senhorviagens.com\/about\/#breadcrumb\",\"itemListElement\":[{\"@type\":\"ListItem\",\"position\":1,\"name\":\"Home\",\"item\":\"https:\/\/senhorviagens.com\/\"},{\"@type\":\"ListItem\",\"position\":2,\"name\":\"Sobre\"}]}]}<\/script>\n<!-- \/ Yoast SEO Premium plugin. -->","yoast_head_json":{"title":"Sobre - Senhor Viagens","robots":{"index":"index","follow":"follow","max-snippet":"max-snippet:-1","max-image-preview":"max-image-preview:large","max-video-preview":"max-video-preview:-1"},"canonical":"https:\/\/senhorviagens.com\/de\/about\/","og_locale":"de_DE","og_type":"article","og_title":"Sobre","og_description":"Senhor Viagens \u00e9 sua fonte confi\u00e1vel para explorar o mundo das viagens com mais clareza, planejamento e seguran\u00e7a. Publicamos conte\u00fados detalhados sobre passagens a\u00e9reas promocionais, turismo, aplicativos para viajantes e dicas de estadia, ajudando nossos leitores a organizar suas viagens de forma pr\u00e1tica e sem complica\u00e7\u00f5es. Em um cen\u00e1rio de viagens cada vez mais din\u00e2mico&hellip; Continue reading Sobre","og_url":"https:\/\/senhorviagens.com\/de\/about\/","og_site_name":"Senhor Viagens","article_modified_time":"2025-12-27T14:15:17+00:00","twitter_card":"summary_large_image","twitter_misc":{"Est. reading time":"3 Minuten"},"schema":{"@context":"https:\/\/schema.org","@graph":[{"@type":"WebSite","@id":"https:\/\/senhorviagens.com\/#website","url":"https:\/\/senhorviagens.com\/","name":"Senhor Viagens","description":"As melhores dicas para voc\u00ea planejar sua pr\u00f3xima viagem","potentialAction":[{"@type":"SearchAction","target":{"@type":"EntryPoint","urlTemplate":"https:\/\/senhorviagens.com\/?s={search_term_string}"},"query-input":"required name=search_term_string"}],"inLanguage":"de-DE"},{"@type":"WebPage","@id":"https:\/\/senhorviagens.com\/about\/#webpage","url":"https:\/\/senhorviagens.com\/about\/","name":"Sobre - Senhor Viagens","isPartOf":{"@id":"https:\/\/senhorviagens.com\/#website"},"datePublished":"2021-12-01T19:15:15+00:00","dateModified":"2025-12-27T14:15:17+00:00","breadcrumb":{"@id":"https:\/\/senhorviagens.com\/about\/#breadcrumb"},"inLanguage":"de-DE","potentialAction":[{"@type":"ReadAction","target":["https:\/\/senhorviagens.com\/about\/"]}]},{"@type":"BreadcrumbList","@id":"https:\/\/senhorviagens.com\/about\/#breadcrumb","itemListElement":[{"@type":"ListItem","position":1,"name":"Home","item":"https:\/\/senhorviagens.com\/"},{"@type":"ListItem","position":2,"name":"Sobre"}]}]}},"_links":{"self":[{"href":"https:\/\/senhorviagens.com\/de\/wp-json\/wp\/v2\/pages\/706"}],"collection":[{"href":"https:\/\/senhorviagens.com\/de\/wp-json\/wp\/v2\/pages"}],"about":[{"href":"https:\/\/senhorviagens.com\/de\/wp-json\/wp\/v2\/types\/page"}],"author":[{"embeddable":true,"href":"https:\/\/senhorviagens.com\/de\/wp-json\/wp\/v2\/users\/8"}],"replies":[{"embeddable":true,"href":"https:\/\/senhorviagens.com\/de\/wp-json\/wp\/v2\/comments?post=706"}],"version-history":[{"count":0,"href":"https:\/\/senhorviagens.com\/de\/wp-json\/wp\/v2\/pages\/706\/revisions"}],"wp:attachment":[{"href":"https:\/\/senhorviagens.com\/de\/wp-json\/wp\/v2\/media?parent=706"}],"curies":[{"name":"wp","href":"https:\/\/api.w.org\/{rel}","templated":true}]}}